{"id":262,"date":"2013-04-02T16:33:16","date_gmt":"2013-04-02T14:33:16","guid":{"rendered":"http:\/\/aa1977ev.bplaced.net\/users\/aa1977ev\/www\/?page_id=262"},"modified":"2026-03-22T15:58:05","modified_gmt":"2026-03-22T14:58:05","slug":"gewasser","status":"publish","type":"page","link":"https:\/\/aa1977ev.bplaced.net\/users\/aa1977ev\/www\/?page_id=262","title":{"rendered":"&#8230; Gew\u00e4sser &#8230;"},"content":{"rendered":"Zu den Vereinsgew\u00e4ssern geh\u00f6ren 2 Aufzuchtteiche <a href=\"https:\/\/aa1977ev.bplaced.net\/users\/aa1977ev\/www\/?page_id=262\" class=\"more-link\">Read more [...]<\/a>","protected":false},"excerpt":{"rendered":"<p>Zu den Vereinsgew\u00e4ssern geh\u00f6ren 2 Aufzuchtteiche Read more [&#8230;]<\/p>\n","protected":false},"author":1,"featured_media":0,"parent":250,"menu_order":30,"comment_status":"closed","ping_status":"open","template":"","meta":{"footnotes":""},"class_list":["post-262","page","type-page","status-publish","hentry"],"aioseo_notices":[],"_links":{"self":[{"href":"https:\/\/aa1977ev.bplaced.net\/users\/aa1977ev\/www\/index.php?rest_route=\/wp\/v2\/pages\/262","targetHints":{"allow":["GET"]}}],"collection":[{"href":"https:\/\/aa1977ev.bplaced.net\/users\/aa1977ev\/www\/index.php?rest_route=\/wp\/v2\/pages"}],"about":[{"href":"https:\/\/aa1977ev.bplaced.net\/users\/aa1977ev\/www\/index.php?rest_route=\/wp\/v2\/types\/page"}],"author":[{"embeddable":true,"href":"https:\/\/aa1977ev.bplaced.net\/users\/aa1977ev\/www\/index.php?rest_route=\/wp\/v2\/users\/1"}],"replies":[{"embeddable":true,"href":"https:\/\/aa1977ev.bplaced.net\/users\/aa1977ev\/www\/index.php?rest_route=%2Fwp%2Fv2%2Fcomments&post=262"}],"version-history":[{"count":4,"href":"https:\/\/aa1977ev.bplaced.net\/users\/aa1977ev\/www\/index.php?rest_route=\/wp\/v2\/pages\/262\/revisions"}],"predecessor-version":[{"id":6359,"href":"https:\/\/aa1977ev.bplaced.net\/users\/aa1977ev\/www\/index.php?rest_route=\/wp\/v2\/pages\/262\/revisions\/6359"}],"up":[{"embeddable":true,"href":"https:\/\/aa1977ev.bplaced.net\/users\/aa1977ev\/www\/index.php?rest_route=\/wp\/v2\/pages\/250"}],"wp:attachment":[{"href":"https:\/\/aa1977ev.bplaced.net\/users\/aa1977ev\/www\/index.php?rest_route=%2Fwp%2Fv2%2Fmedia&parent=262"}],"curies":[{"name":"wp","href":"https:\/\/api.w.org\/{rel}","templated":true}]}}