{"id":293,"date":"2013-04-02T17:50:34","date_gmt":"2013-04-02T15:50:34","guid":{"rendered":"http:\/\/aa1977ev.bplaced.net\/users\/aa1977ev\/www\/?page_id=293"},"modified":"2023-06-04T12:39:22","modified_gmt":"2023-06-04T10:39:22","slug":"veranstaltungen","status":"publish","type":"page","link":"https:\/\/aa1977ev.bplaced.net\/users\/aa1977ev\/www\/?page_id=293","title":{"rendered":"&#8230; Veranstaltungen"},"content":{"rendered":"<p>Hier findest Du alle kommenden Termine des Vereinsjahres, die f\u00fcr <strong>gemeinsame Veranstaltungen <\/strong>&#8211; welche nicht unbedingt etwas mit Angeln zu tun haben m\u00fcssen &#8211; geplant sind. Klicke auf die jeweiligen Eintr\u00e4ge, um Einzelheiten zu erfahren.<strong><br \/>\n<\/strong><\/p>\n<ul  class=\"eo-events eo-events-shortcode\"><li class=\"eo-event-cat-veranstaltung eo-event-future\"><\/p>\n<table>\n<tbody>\n<tr>\n<td style=\"width: 5%; background-color: #f78605;\"><span style=\"color: #ffffff;\"><strong>Sep. <br \/>\n<\/strong><\/span><\/td>\n<td style=\"background-color: #f7f7f7;\"><a href=\"https:\/\/aa1977ev.bplaced.net\/users\/aa1977ev\/www\/?event=familientag-7\"><strong>Samstag , 5 Sep. 2026 , 15:00<\/strong><\/a><br \/>\nFamilientag,<br \/>\nMitglieder und deren Angeh\u00f6rige feiern\n<\/td>\n<\/tr>\n<\/tbody>\n<\/table>\n<p><\/li><li class=\"eo-event-cat-veranstaltung eo-event-future\"><\/p>\n<table>\n<tbody>\n<tr>\n<td style=\"width: 5%; background-color: #f78605;\"><span style=\"color: #ffffff;\"><strong>Jan. <br \/>\n<\/strong><\/span><\/td>\n<td style=\"background-color: #f7f7f7;\"><a href=\"https:\/\/aa1977ev.bplaced.net\/users\/aa1977ev\/www\/?event=auftaktfeier-3\"><strong>Samstag , 16 Jan. 2027 , 19:00<\/strong><\/a><br \/>\nAuftaktfeier,<br \/>\nWir begr\u00fc\u00dfen die neue Saison\n<\/td>\n<\/tr>\n<\/tbody>\n<\/table>\n<p><\/li><li class=\"eo-event-cat-veranstaltung eo-event-future\"><\/p>\n<table>\n<tbody>\n<tr>\n<td style=\"width: 5%; background-color: #f78605;\"><span style=\"color: #ffffff;\"><strong>Feb. <br \/>\n<\/strong><\/span><\/td>\n<td style=\"background-color: #f7f7f7;\"><a href=\"https:\/\/aa1977ev.bplaced.net\/users\/aa1977ev\/www\/?event=jahreshauptversammlung-6\"><strong>Freitag , 19 Feb. 2027 , 19:00<\/strong><\/a><br \/>\nJahreshauptversammlung,<br \/>\n\n<\/td>\n<\/tr>\n<\/tbody>\n<\/table>\n<p><\/li><\/ul>\n","protected":false},"excerpt":{"rendered":"<p>Hier findest Du alle kommenden Termine des Vereinsjahres, die f\u00fcr gemeinsame Veranstaltungen &#8211; welche nicht unbedingt etwas mit Angeln zu tun haben m\u00fcssen &#8211; geplant sind. Klicke auf die jeweiligen Eintr\u00e4ge, um Einzelheiten zu erfahren.<\/p>\n","protected":false},"author":1,"featured_media":0,"parent":33,"menu_order":30,"comment_status":"closed","ping_status":"open","template":"","meta":{"footnotes":""},"class_list":["post-293","page","type-page","status-publish","hentry"],"aioseo_notices":[],"_links":{"self":[{"href":"https:\/\/aa1977ev.bplaced.net\/users\/aa1977ev\/www\/index.php?rest_route=\/wp\/v2\/pages\/293","targetHints":{"allow":["GET"]}}],"collection":[{"href":"https:\/\/aa1977ev.bplaced.net\/users\/aa1977ev\/www\/index.php?rest_route=\/wp\/v2\/pages"}],"about":[{"href":"https:\/\/aa1977ev.bplaced.net\/users\/aa1977ev\/www\/index.php?rest_route=\/wp\/v2\/types\/page"}],"author":[{"embeddable":true,"href":"https:\/\/aa1977ev.bplaced.net\/users\/aa1977ev\/www\/index.php?rest_route=\/wp\/v2\/users\/1"}],"replies":[{"embeddable":true,"href":"https:\/\/aa1977ev.bplaced.net\/users\/aa1977ev\/www\/index.php?rest_route=%2Fwp%2Fv2%2Fcomments&post=293"}],"version-history":[{"count":5,"href":"https:\/\/aa1977ev.bplaced.net\/users\/aa1977ev\/www\/index.php?rest_route=\/wp\/v2\/pages\/293\/revisions"}],"predecessor-version":[{"id":5272,"href":"https:\/\/aa1977ev.bplaced.net\/users\/aa1977ev\/www\/index.php?rest_route=\/wp\/v2\/pages\/293\/revisions\/5272"}],"up":[{"embeddable":true,"href":"https:\/\/aa1977ev.bplaced.net\/users\/aa1977ev\/www\/index.php?rest_route=\/wp\/v2\/pages\/33"}],"wp:attachment":[{"href":"https:\/\/aa1977ev.bplaced.net\/users\/aa1977ev\/www\/index.php?rest_route=%2Fwp%2Fv2%2Fmedia&parent=293"}],"curies":[{"name":"wp","href":"https:\/\/api.w.org\/{rel}","templated":true}]}}