{"id":4835,"date":"2020-02-24T20:54:18","date_gmt":"2020-02-24T19:54:18","guid":{"rendered":"http:\/\/aa1977ev.bplaced.net\/users\/aa1977ev\/www\/?page_id=4835"},"modified":"2025-04-09T20:46:42","modified_gmt":"2025-04-09T18:46:42","slug":"alle-termine-des-jahres","status":"publish","type":"page","link":"https:\/\/aa1977ev.bplaced.net\/users\/aa1977ev\/www\/?page_id=4835","title":{"rendered":"&#8230; alle Vereinstermine der n\u00e4chsten 12 Monate"},"content":{"rendered":"<p>Hier findest Du <strong>alle geplanten, kommenden Termine im n\u00e4chsten Jahreszeitraum.<\/strong>\u00a0 Klicke auf die jeweiligen Eintr\u00e4ge, um Einzelheiten zu erfahren.<\/p>\n<table class=\" alignleft\" style=\"width: 304px;\">\n<tbody>\n<tr>\n<td><ul  class=\"eo-events eo-events-shortcode\"><li class=\"eo-event-cat-arbeitseinsatz eo-event-future\"><\/p>\n<table>\n<tbody>\n<tr>\n<td style=\"width: 5%; background-color: #99032b;\"><span style=\"color: #ffffff;\"><strong>Apr. <br \/>\n<\/strong><\/span><\/td>\n<td style=\"background-color: #f7f7f7;\"><a href=\"https:\/\/aa1977ev.bplaced.net\/users\/aa1977ev\/www\/?event=arbeitseinsatz-2\"><strong>Samstag , 25 Apr. 2026 , 09:00<\/strong><\/a><br \/>\nArbeitseinsatz,<br \/>\nGruppe 2<\/td>\n<\/tr>\n<\/tbody>\n<\/table>\n<p><\/li><li class=\"eo-event-cat-letzter-termin eo-event-future eo-all-day\"><\/p>\n<table>\n<tbody>\n<tr>\n<td style=\"width: 5%; background-color: #f7d10a;\"><span style=\"color: #ffffff;\"><strong>Apr.<br \/>\n<\/strong><\/span><\/td>\n<td style=\"background-color: #f7f7f7;\"><a href=\"https:\/\/aa1977ev.bplaced.net\/users\/aa1977ev\/www\/?event=erinnerung-beitragszahlung\"><strong>Donnerstag , 30 Apr. 2026<\/strong><\/a><br \/>\nErinnerung Beitragszahlung,<br \/>\nStichtag zur Beitragszahlung<\/td>\n<\/tr>\n<\/tbody>\n<\/table>\n<p><\/li><li class=\"eo-event-cat-gelaendepflege eo-event-future eo-all-day\"><\/p>\n<table>\n<tbody>\n<tr>\n<td style=\"width: 5%; background-color: #228205;\"><span style=\"color: #ffffff;\"><strong>Mai<br \/>\n<\/strong><\/span><\/td>\n<td style=\"background-color: #f7f7f7;\"><a href=\"https:\/\/aa1977ev.bplaced.net\/users\/aa1977ev\/www\/?event=gelaendepflege-18\"><strong>Freitag , 1 Mai 2026<\/strong><\/a><br \/>\nGel\u00e4ndepflege,<br \/>\nim Mai, Team Be + We<\/td>\n<\/tr>\n<\/tbody>\n<\/table>\n<p><\/li><li class=\"eo-event-cat-arbeitseinsatz eo-event-future\"><\/p>\n<table>\n<tbody>\n<tr>\n<td style=\"width: 5%; background-color: #99032b;\"><span style=\"color: #ffffff;\"><strong>Mai <br \/>\n<\/strong><\/span><\/td>\n<td style=\"background-color: #f7f7f7;\"><a href=\"https:\/\/aa1977ev.bplaced.net\/users\/aa1977ev\/www\/?event=beke-reinigen-2\"><strong>Samstag , 9 Mai 2026 , 09:00<\/strong><\/a><br \/>\nBeke reinigen,<br \/>\nBeke-Inspektion, alle Mitglieder<\/td>\n<\/tr>\n<\/tbody>\n<\/table>\n<p><\/li><li class=\"eo-event-cat-vereinsangeln eo-event-future\"><\/p>\n<table>\n<tbody>\n<tr>\n<td style=\"width: 5%; background-color: #33f142;\"><span style=\"color: #ffffff;\"><strong>Mai <br \/>\n<\/strong><\/span><\/td>\n<td style=\"background-color: #f7f7f7;\"><a href=\"https:\/\/aa1977ev.bplaced.net\/users\/aa1977ev\/www\/?event=teich-und-beke-angeln-2\"><strong>Samstag , 16 Mai 2026 , 09:00<\/strong><\/a><br \/>\nTeich- und Beke-Angeln,<br \/>\n<\/td>\n<\/tr>\n<\/tbody>\n<\/table>\n<p><\/li><li class=\"eo-event-cat-letzter-termin eo-event-future eo-all-day\"><\/p>\n<table>\n<tbody>\n<tr>\n<td style=\"width: 5%; background-color: #f7d10a;\"><span style=\"color: #ffffff;\"><strong>Mai<br \/>\n<\/strong><\/span><\/td>\n<td style=\"background-color: #f7f7f7;\"><a href=\"https:\/\/aa1977ev.bplaced.net\/users\/aa1977ev\/www\/?event=erinnerung-beitragszahlung-2\"><strong>Sonntag , 31 Mai 2026<\/strong><\/a><br \/>\nErinnerung Beitragszahlung,<br \/>\nStichtag zur Beitragszahlung<\/td>\n<\/tr>\n<\/tbody>\n<\/table>\n<p><\/li><li class=\"eo-event-cat-gelaendepflege eo-event-future eo-all-day\"><\/p>\n<table>\n<tbody>\n<tr>\n<td style=\"width: 5%; background-color: #228205;\"><span style=\"color: #ffffff;\"><strong>Juni<br \/>\n<\/strong><\/span><\/td>\n<td style=\"background-color: #f7f7f7;\"><a href=\"https:\/\/aa1977ev.bplaced.net\/users\/aa1977ev\/www\/?event=gelaendepflege-19\"><strong>Montag , 1 Juni 2026<\/strong><\/a><br \/>\nGel\u00e4ndepflege,<br \/>\nim Juni, Team K\u00fc + Or<\/td>\n<\/tr>\n<\/tbody>\n<\/table>\n<p><\/li><li class=\"eo-event-cat-letzter-termin eo-event-future eo-all-day\"><\/p>\n<table>\n<tbody>\n<tr>\n<td style=\"width: 5%; background-color: #f7d10a;\"><span style=\"color: #ffffff;\"><strong>Juni<br \/>\n<\/strong><\/span><\/td>\n<td style=\"background-color: #f7f7f7;\"><a href=\"https:\/\/aa1977ev.bplaced.net\/users\/aa1977ev\/www\/?event=erinnerung-beitragszahlung-3\"><strong>Dienstag , 30 Juni 2026<\/strong><\/a><br \/>\nErinnerung Beitragszahlung,<br \/>\nStichtag zur Beitragszahlung<\/td>\n<\/tr>\n<\/tbody>\n<\/table>\n<p><\/li><li class=\"eo-event-cat-gelaendepflege eo-event-future eo-all-day\"><\/p>\n<table>\n<tbody>\n<tr>\n<td style=\"width: 5%; background-color: #228205;\"><span style=\"color: #ffffff;\"><strong>Juli<br \/>\n<\/strong><\/span><\/td>\n<td style=\"background-color: #f7f7f7;\"><a href=\"https:\/\/aa1977ev.bplaced.net\/users\/aa1977ev\/www\/?event=gelaendepflege-20\"><strong>Mittwoch , 1 Juli 2026<\/strong><\/a><br \/>\nGel\u00e4ndepflege,<br \/>\nim Juli, Team Gr + Sc<\/td>\n<\/tr>\n<\/tbody>\n<\/table>\n<p><\/li><li class=\"eo-event-cat-gelaendepflege eo-event-future eo-all-day\"><\/p>\n<table>\n<tbody>\n<tr>\n<td style=\"width: 5%; background-color: #228205;\"><span style=\"color: #ffffff;\"><strong>Aug.<br \/>\n<\/strong><\/span><\/td>\n<td style=\"background-color: #f7f7f7;\"><a href=\"https:\/\/aa1977ev.bplaced.net\/users\/aa1977ev\/www\/?event=gelaendepflege-21\"><strong>Samstag , 1 Aug. 2026<\/strong><\/a><br \/>\nGel\u00e4ndepflege,<br \/>\nim August, Team He + Sc<\/td>\n<\/tr>\n<\/tbody>\n<\/table>\n<p><\/li><li class=\"eo-event-cat-gelaendepflege eo-event-future eo-all-day\"><\/p>\n<table>\n<tbody>\n<tr>\n<td style=\"width: 5%; background-color: #228205;\"><span style=\"color: #ffffff;\"><strong>Sep.<br \/>\n<\/strong><\/span><\/td>\n<td style=\"background-color: #f7f7f7;\"><a href=\"https:\/\/aa1977ev.bplaced.net\/users\/aa1977ev\/www\/?event=gelaendepflege-22\"><strong>Dienstag , 1 Sep. 2026<\/strong><\/a><br \/>\nGel\u00e4ndepflege,<br \/>\nim September, Team Ha + Ha<\/td>\n<\/tr>\n<\/tbody>\n<\/table>\n<p><\/li><li class=\"eo-event-cat-veranstaltung eo-event-future\"><\/p>\n<table>\n<tbody>\n<tr>\n<td style=\"width: 5%; background-color: #f78605;\"><span style=\"color: #ffffff;\"><strong>Sep. <br \/>\n<\/strong><\/span><\/td>\n<td style=\"background-color: #f7f7f7;\"><a href=\"https:\/\/aa1977ev.bplaced.net\/users\/aa1977ev\/www\/?event=familientag-7\"><strong>Samstag , 5 Sep. 2026 , 15:00<\/strong><\/a><br \/>\nFamilientag,<br \/>\nMitglieder und deren Angeh\u00f6rige feiern<\/td>\n<\/tr>\n<\/tbody>\n<\/table>\n<p><\/li><li class=\"eo-event-cat-gelaendepflege eo-event-future eo-all-day\"><\/p>\n<table>\n<tbody>\n<tr>\n<td style=\"width: 5%; background-color: #228205;\"><span style=\"color: #ffffff;\"><strong>Okt.<br \/>\n<\/strong><\/span><\/td>\n<td style=\"background-color: #f7f7f7;\"><a href=\"https:\/\/aa1977ev.bplaced.net\/users\/aa1977ev\/www\/?event=gelaendepflege-23\"><strong>Donnerstag , 1 Okt. 2026<\/strong><\/a><br \/>\nGel\u00e4ndepflege,<br \/>\nim Oktober, Team Ka + Ka<\/td>\n<\/tr>\n<\/tbody>\n<\/table>\n<p><\/li><li class=\"eo-event-cat-vereinsangeln eo-event-future\"><\/p>\n<table>\n<tbody>\n<tr>\n<td style=\"width: 5%; background-color: #33f142;\"><span style=\"color: #ffffff;\"><strong>Okt. <br \/>\n<\/strong><\/span><\/td>\n<td style=\"background-color: #f7f7f7;\"><a href=\"https:\/\/aa1977ev.bplaced.net\/users\/aa1977ev\/www\/?event=abangeln-2\"><strong>Samstag , 10 Okt. 2026 , 09:00<\/strong><\/a><br \/>\nAbangeln,<br \/>\nEnde des Bekeangelns<\/td>\n<\/tr>\n<\/tbody>\n<\/table>\n<p><\/li><li class=\"eo-event-cat-schonzeit eo-event-cat-sonstiges eo-event-future eo-multi-day eo-all-day\"><\/p>\n<table>\n<tbody>\n<tr>\n<td style=\"width: 5%; background-color: #bf3109;\"><span style=\"color: #ffffff;\"><strong>Okt.<br \/>\n<\/strong><\/span><\/td>\n<td style=\"background-color: #f7f7f7;\"><a href=\"https:\/\/aa1977ev.bplaced.net\/users\/aa1977ev\/www\/?event=schonzeit-in-fliesgewassern\"><strong>Dienstag , 20 Okt. 2026<\/strong><\/a><br \/>\nSchonzeit in NRW-Flie\u00dfgew\u00e4ssern,<br \/>\nSchonzeit f\u00fcr Seeforellen, Bachforellen, Bachsaiblinge und Seesaiblinge in Flie\u00dfgew\u00e4ssern<\/td>\n<\/tr>\n<\/tbody>\n<\/table>\n<p><\/li><li class=\"eo-event-cat-gelaendepflege eo-event-future eo-all-day\"><\/p>\n<table>\n<tbody>\n<tr>\n<td style=\"width: 5%; background-color: #228205;\"><span style=\"color: #ffffff;\"><strong>Nov.<br \/>\n<\/strong><\/span><\/td>\n<td style=\"background-color: #f7f7f7;\"><a href=\"https:\/\/aa1977ev.bplaced.net\/users\/aa1977ev\/www\/?event=gelaendepflege-24\"><strong>Sonntag , 1 Nov. 2026<\/strong><\/a><br \/>\nGel\u00e4ndepflege,<br \/>\nim November, Team Ma + No + Unterst\u00fctzung<\/td>\n<\/tr>\n<\/tbody>\n<\/table>\n<p><\/li><li class=\"eo-event-cat-veranstaltung eo-event-future\"><\/p>\n<table>\n<tbody>\n<tr>\n<td style=\"width: 5%; background-color: #f78605;\"><span style=\"color: #ffffff;\"><strong>Jan. <br \/>\n<\/strong><\/span><\/td>\n<td style=\"background-color: #f7f7f7;\"><a href=\"https:\/\/aa1977ev.bplaced.net\/users\/aa1977ev\/www\/?event=auftaktfeier-3\"><strong>Samstag , 16 Jan. 2027 , 19:00<\/strong><\/a><br \/>\nAuftaktfeier,<br \/>\nWir begr\u00fc\u00dfen die neue Saison<\/td>\n<\/tr>\n<\/tbody>\n<\/table>\n<p><\/li><li class=\"eo-event-cat-veranstaltung eo-event-future\"><\/p>\n<table>\n<tbody>\n<tr>\n<td style=\"width: 5%; background-color: #f78605;\"><span style=\"color: #ffffff;\"><strong>Feb. <br \/>\n<\/strong><\/span><\/td>\n<td style=\"background-color: #f7f7f7;\"><a href=\"https:\/\/aa1977ev.bplaced.net\/users\/aa1977ev\/www\/?event=jahreshauptversammlung-6\"><strong>Freitag , 19 Feb. 2027 , 19:00<\/strong><\/a><br \/>\nJahreshauptversammlung,<br \/>\n<\/td>\n<\/tr>\n<\/tbody>\n<\/table>\n<p><\/li><\/ul><\/td>\n<\/tr>\n<\/tbody>\n<\/table>\n<table class=\" alignleft\" style=\"width: 304px;\">\n<tbody>\n<tr>\n<td><ul  class=\"eo-events eo-events-shortcode\"><li class=\"eo-event-cat-huettenbelegung eo-event-future\"><\/p>\n<table>\n<tbody>\n<tr>\n<td style=\"width: 5%; background-color: #fa1111;\"><span style=\"color: #ffffff;\"><strong>Apr. <br \/>\n<\/strong><\/span><\/td>\n<td style=\"background-color: #f7f7f7;\"><a href=\"https:\/\/aa1977ev.bplaced.net\/users\/aa1977ev\/www\/?event=huette-platz-belegt-2\"><strong>Samstag , 25 Apr. 2026 , 09:00<\/strong><\/a><br \/>\nH\u00fctte\/Platz belegt,<br \/>\nAA1977eV<\/td>\n<\/tr>\n<\/tbody>\n<\/table>\n<p><\/li><li class=\"eo-event-cat-huettenbelegung eo-event-future eo-all-day\"><\/p>\n<table>\n<tbody>\n<tr>\n<td style=\"width: 5%; background-color: #fa1111;\"><span style=\"color: #ffffff;\"><strong>Mai<br \/>\n<\/strong><\/span><\/td>\n<td style=\"background-color: #f7f7f7;\"><a href=\"https:\/\/aa1977ev.bplaced.net\/users\/aa1977ev\/www\/?event=huette-platz-belegt-7\"><strong>Freitag , 1 Mai 2026<\/strong><\/a><br \/>\nH\u00fctte\/Platz belegt,<br \/>\nAA1977eV MaMa<\/td>\n<\/tr>\n<\/tbody>\n<\/table>\n<p><\/li><li class=\"eo-event-cat-huettenbelegung eo-event-future\"><\/p>\n<table>\n<tbody>\n<tr>\n<td style=\"width: 5%; background-color: #fa1111;\"><span style=\"color: #ffffff;\"><strong>Mai <br \/>\n<\/strong><\/span><\/td>\n<td style=\"background-color: #f7f7f7;\"><a href=\"https:\/\/aa1977ev.bplaced.net\/users\/aa1977ev\/www\/?event=huette-platz-belegt-6\"><strong>Samstag , 9 Mai 2026 , 09:00<\/strong><\/a><br \/>\nH\u00fctte\/Platz belegt,<br \/>\nAA1977eV<\/td>\n<\/tr>\n<\/tbody>\n<\/table>\n<p><\/li><li class=\"eo-event-cat-huettenbelegung eo-event-future\"><\/p>\n<table>\n<tbody>\n<tr>\n<td style=\"width: 5%; background-color: #fa1111;\"><span style=\"color: #ffffff;\"><strong>Mai <br \/>\n<\/strong><\/span><\/td>\n<td style=\"background-color: #f7f7f7;\"><a href=\"https:\/\/aa1977ev.bplaced.net\/users\/aa1977ev\/www\/?event=huette-platz-belegt-3\"><strong>Samstag , 16 Mai 2026 , 09:00<\/strong><\/a><br \/>\nH\u00fctte\/Platz belegt,<br \/>\nAA1977eV<\/td>\n<\/tr>\n<\/tbody>\n<\/table>\n<p><\/li><li class=\"eo-event-cat-huettenbelegung eo-event-future\"><\/p>\n<table>\n<tbody>\n<tr>\n<td style=\"width: 5%; background-color: #fa1111;\"><span style=\"color: #ffffff;\"><strong>Mai <br \/>\n<\/strong><\/span><\/td>\n<td style=\"background-color: #f7f7f7;\"><a href=\"https:\/\/aa1977ev.bplaced.net\/users\/aa1977ev\/www\/?event=huette-platz-belegt-8\"><strong>Samstag , 16 Mai 2026 , 15:00<\/strong><\/a><br \/>\nH\u00fctte\/Platz belegt,<br \/>\nChDr<\/td>\n<\/tr>\n<\/tbody>\n<\/table>\n<p><\/li><li class=\"eo-event-cat-huettenbelegung eo-event-future eo-all-day\"><\/p>\n<table>\n<tbody>\n<tr>\n<td style=\"width: 5%; background-color: #fa1111;\"><span style=\"color: #ffffff;\"><strong>Sep.<br \/>\n<\/strong><\/span><\/td>\n<td style=\"background-color: #f7f7f7;\"><a href=\"https:\/\/aa1977ev.bplaced.net\/users\/aa1977ev\/www\/?event=huette-platz-belegt-4\"><strong>Samstag , 5 Sep. 2026<\/strong><\/a><br \/>\nH\u00fctte\/Platz belegt,<br \/>\nAA1977eV<\/td>\n<\/tr>\n<\/tbody>\n<\/table>\n<p><\/li><li class=\"eo-event-cat-huettenbelegung eo-event-future\"><\/p>\n<table>\n<tbody>\n<tr>\n<td style=\"width: 5%; background-color: #fa1111;\"><span style=\"color: #ffffff;\"><strong>Okt. <br \/>\n<\/strong><\/span><\/td>\n<td style=\"background-color: #f7f7f7;\"><a href=\"https:\/\/aa1977ev.bplaced.net\/users\/aa1977ev\/www\/?event=huette-platz-belegt-5\"><strong>Samstag , 10 Okt. 2026 , 12:00<\/strong><\/a><br \/>\nH\u00fctte\/Platz belegt,<br \/>\nAA1977eV<\/td>\n<\/tr>\n<\/tbody>\n<\/table>\n<p><\/li><\/ul><\/td>\n<\/tr>\n<\/tbody>\n<\/table>\n","protected":false},"excerpt":{"rendered":"<p>Hier findest Du alle geplanten, kommenden Termine im n\u00e4chsten Jahreszeitraum.\u00a0 Klicke auf die jeweiligen Eintr\u00e4ge, um Einzelheiten zu erfahren.<\/p>\n","protected":false},"author":1,"featured_media":0,"parent":0,"menu_order":0,"comment_status":"closed","ping_status":"open","template":"","meta":{"footnotes":""},"class_list":["post-4835","page","type-page","status-publish","hentry"],"aioseo_notices":[],"_links":{"self":[{"href":"https:\/\/aa1977ev.bplaced.net\/users\/aa1977ev\/www\/index.php?rest_route=\/wp\/v2\/pages\/4835","targetHints":{"allow":["GET"]}}],"collection":[{"href":"https:\/\/aa1977ev.bplaced.net\/users\/aa1977ev\/www\/index.php?rest_route=\/wp\/v2\/pages"}],"about":[{"href":"https:\/\/aa1977ev.bplaced.net\/users\/aa1977ev\/www\/index.php?rest_route=\/wp\/v2\/types\/page"}],"author":[{"embeddable":true,"href":"https:\/\/aa1977ev.bplaced.net\/users\/aa1977ev\/www\/index.php?rest_route=\/wp\/v2\/users\/1"}],"replies":[{"embeddable":true,"href":"https:\/\/aa1977ev.bplaced.net\/users\/aa1977ev\/www\/index.php?rest_route=%2Fwp%2Fv2%2Fcomments&post=4835"}],"version-history":[{"count":4,"href":"https:\/\/aa1977ev.bplaced.net\/users\/aa1977ev\/www\/index.php?rest_route=\/wp\/v2\/pages\/4835\/revisions"}],"predecessor-version":[{"id":6205,"href":"https:\/\/aa1977ev.bplaced.net\/users\/aa1977ev\/www\/index.php?rest_route=\/wp\/v2\/pages\/4835\/revisions\/6205"}],"wp:attachment":[{"href":"https:\/\/aa1977ev.bplaced.net\/users\/aa1977ev\/www\/index.php?rest_route=%2Fwp%2Fv2%2Fmedia&parent=4835"}],"curies":[{"name":"wp","href":"https:\/\/api.w.org\/{rel}","templated":true}]}}