{"id":5051,"date":"2022-04-17T00:49:08","date_gmt":"2022-04-16T22:49:08","guid":{"rendered":"http:\/\/aa1977ev.bplaced.net\/users\/aa1977ev\/www\/?page_id=5051"},"modified":"2023-06-03T15:26:14","modified_gmt":"2023-06-03T13:26:14","slug":"aktivitaeten-auf-unserem-vereinsgelaende","status":"publish","type":"page","link":"https:\/\/aa1977ev.bplaced.net\/users\/aa1977ev\/www\/?page_id=5051","title":{"rendered":"&#8230; Aktivit\u00e4ten auf unserem Vereinsgel\u00e4nde"},"content":{"rendered":"<p>Zu diesen Terminen (<strong>au\u00dferhalb der Ferien<\/strong>) sind in der Regel Vereinsmitglieder auf dem Vereinsgel\u00e4nde anzutreffen. Dabei gibt es Gelegenheiten, den Verein \u00fcber seine Vereinsangeh\u00f6rigen direkt zu kontaktieren.<\/p>\n<ul  class=\"eo-events eo-events-shortcode\"><li class=\"eo-event-cat-arbeitseinsatz eo-event-future\"><\/p>\n<table>\n<tbody>\n<tr>\n<td style=\"width: 5%; background-color: #99032b;\"><span style=\"color: #ffffff;\"><strong>Apr. <br \/>\n<\/strong><\/span><\/td>\n<td style=\"background-color: #f7f7f7;\"><a href=\"https:\/\/aa1977ev.bplaced.net\/users\/aa1977ev\/www\/?event=arbeitseinsatz-2\"><strong>Samstag , 25 Apr. 2026 , 09:00<\/strong><\/a><br \/>\nArbeitseinsatz,<br \/>\nGruppe 2\n<\/td>\n<\/tr>\n<\/tbody>\n<\/table>\n<p><\/li><li class=\"eo-event-cat-arbeitseinsatz eo-event-future\"><\/p>\n<table>\n<tbody>\n<tr>\n<td style=\"width: 5%; background-color: #99032b;\"><span style=\"color: #ffffff;\"><strong>Mai <br \/>\n<\/strong><\/span><\/td>\n<td style=\"background-color: #f7f7f7;\"><a href=\"https:\/\/aa1977ev.bplaced.net\/users\/aa1977ev\/www\/?event=beke-reinigen-2\"><strong>Samstag , 9 Mai 2026 , 09:00<\/strong><\/a><br \/>\nBeke reinigen,<br \/>\nBeke-Inspektion, alle Mitglieder\n<\/td>\n<\/tr>\n<\/tbody>\n<\/table>\n<p><\/li><li class=\"eo-event-cat-vereinsangeln eo-event-future\"><\/p>\n<table>\n<tbody>\n<tr>\n<td style=\"width: 5%; background-color: #33f142;\"><span style=\"color: #ffffff;\"><strong>Mai <br \/>\n<\/strong><\/span><\/td>\n<td style=\"background-color: #f7f7f7;\"><a href=\"https:\/\/aa1977ev.bplaced.net\/users\/aa1977ev\/www\/?event=teich-und-beke-angeln-2\"><strong>Samstag , 16 Mai 2026 , 09:00<\/strong><\/a><br \/>\nTeich- und Beke-Angeln,<br \/>\n\n<\/td>\n<\/tr>\n<\/tbody>\n<\/table>\n<p><\/li><li class=\"eo-event-cat-vereinsangeln eo-event-future\"><\/p>\n<table>\n<tbody>\n<tr>\n<td style=\"width: 5%; background-color: #33f142;\"><span style=\"color: #ffffff;\"><strong>Okt. <br \/>\n<\/strong><\/span><\/td>\n<td style=\"background-color: #f7f7f7;\"><a href=\"https:\/\/aa1977ev.bplaced.net\/users\/aa1977ev\/www\/?event=abangeln-2\"><strong>Samstag , 10 Okt. 2026 , 09:00<\/strong><\/a><br \/>\nAbangeln,<br \/>\nEnde des Bekeangelns\n<\/td>\n<\/tr>\n<\/tbody>\n<\/table>\n<p><\/li><\/ul>\n","protected":false},"excerpt":{"rendered":"<p>Zu diesen Terminen (au\u00dferhalb der Ferien) sind in der Regel Vereinsmitglieder auf dem Vereinsgel\u00e4nde anzutreffen. Dabei gibt es Gelegenheiten, den Verein \u00fcber seine Vereinsangeh\u00f6rigen direkt zu kontaktieren.<\/p>\n","protected":false},"author":1,"featured_media":0,"parent":33,"menu_order":0,"comment_status":"closed","ping_status":"open","template":"","meta":{"footnotes":""},"class_list":["post-5051","page","type-page","status-publish","hentry"],"aioseo_notices":[],"_links":{"self":[{"href":"https:\/\/aa1977ev.bplaced.net\/users\/aa1977ev\/www\/index.php?rest_route=\/wp\/v2\/pages\/5051","targetHints":{"allow":["GET"]}}],"collection":[{"href":"https:\/\/aa1977ev.bplaced.net\/users\/aa1977ev\/www\/index.php?rest_route=\/wp\/v2\/pages"}],"about":[{"href":"https:\/\/aa1977ev.bplaced.net\/users\/aa1977ev\/www\/index.php?rest_route=\/wp\/v2\/types\/page"}],"author":[{"embeddable":true,"href":"https:\/\/aa1977ev.bplaced.net\/users\/aa1977ev\/www\/index.php?rest_route=\/wp\/v2\/users\/1"}],"replies":[{"embeddable":true,"href":"https:\/\/aa1977ev.bplaced.net\/users\/aa1977ev\/www\/index.php?rest_route=%2Fwp%2Fv2%2Fcomments&post=5051"}],"version-history":[{"count":4,"href":"https:\/\/aa1977ev.bplaced.net\/users\/aa1977ev\/www\/index.php?rest_route=\/wp\/v2\/pages\/5051\/revisions"}],"predecessor-version":[{"id":5259,"href":"https:\/\/aa1977ev.bplaced.net\/users\/aa1977ev\/www\/index.php?rest_route=\/wp\/v2\/pages\/5051\/revisions\/5259"}],"up":[{"embeddable":true,"href":"https:\/\/aa1977ev.bplaced.net\/users\/aa1977ev\/www\/index.php?rest_route=\/wp\/v2\/pages\/33"}],"wp:attachment":[{"href":"https:\/\/aa1977ev.bplaced.net\/users\/aa1977ev\/www\/index.php?rest_route=%2Fwp%2Fv2%2Fmedia&parent=5051"}],"curies":[{"name":"wp","href":"https:\/\/api.w.org\/{rel}","templated":true}]}}